{"id":90,"date":"2024-01-10T14:17:36","date_gmt":"2024-01-10T14:17:36","guid":{"rendered":"https:\/\/vanito.at\/?page_id=90"},"modified":"2025-11-07T00:58:32","modified_gmt":"2025-11-07T00:58:32","slug":"agb","status":"publish","type":"page","link":"https:\/\/vanito.at\/index.php\/agb\/","title":{"rendered":"AGB"},"content":{"rendered":"<p>[et_pb_section fb_built=&#8220;1&#8243; _builder_version=&#8220;4.27.4&#8243; _module_preset=&#8220;default&#8220; background_color=&#8220;#F7F4EF&#8220; global_colors_info=&#8220;{}&#8220;][et_pb_row _builder_version=&#8220;4.27.4&#8243; _module_preset=&#8220;default&#8220; global_colors_info=&#8220;{}&#8220;][et_pb_column type=&#8220;4_4&#8243; _builder_version=&#8220;4.27.4&#8243; _module_preset=&#8220;default&#8220; global_colors_info=&#8220;{}&#8220;][et_pb_text _builder_version=&#8220;4.27.4&#8243; _module_preset=&#8220;default&#8220; global_colors_info=&#8220;{}&#8220;]<\/p>\n<h3 data-start=\"158\" data-end=\"205\"><span style=\"color: #1f3b4d; font-size: medium;\"><strong data-start=\"162\" data-end=\"203\">Allgemeine Gesch\u00e4ftsbedingungen (AGB)<\/strong><\/span><\/h3>\n<p data-start=\"206\" data-end=\"303\"><span style=\"color: #1f3b4d; font-size: medium;\"><strong data-start=\"206\" data-end=\"261\">g\u00fcltig ab 1.Juni.2025 \u2013 Niklas Auinger Einzelunternehmen<\/strong><\/span><\/p>\n<p data-start=\"310\" data-end=\"332\"><span style=\"color: #1f3b4d; font-size: medium;\"><strong data-start=\"310\" data-end=\"332\">1. Geltungsbereich<\/strong><\/span><\/p>\n<p data-start=\"334\" data-end=\"695\"><span style=\"color: #1f3b4d; font-size: medium;\">Diese AGB gelten f\u00fcr alle Leistungen und Lieferungen von Niklas Auinger Einzelunternehmen, insbesondere f\u00fcr Ma\u00dfanfertigungen, individuelle textile Arbeiten sowie Stickereien \u2013 auch auf kundeneigenen Textilien. Sie gelten sowohl f\u00fcr <strong>Privatpersonen<\/strong> als auch f\u00fcr <strong>Unternehmen<\/strong>, sofern keine abweichenden schriftlichen Vereinbarungen getroffen wurden.<\/span><\/p>\n<p data-start=\"702\" data-end=\"724\"><span style=\"color: #1f3b4d; font-size: medium;\"><strong data-start=\"702\" data-end=\"724\">2. Vertragsschluss<\/strong><\/span><\/p>\n<p data-start=\"726\" data-end=\"1137\"><span style=\"color: #1f3b4d; font-size: medium;\">Ein Vertrag kommt durch eine <strong data-start=\"755\" data-end=\"785\">Best\u00e4tigung der Bestellung<\/strong> zustande, die <strong data-start=\"800\" data-end=\"829\">m\u00fcndlich oder schriftlich<\/strong> (z.\u202fB. per E-Mail, WhatsApp oder Telefon) erfolgen kann.<\/span><br data-start=\"890\" data-end=\"893\" \/><span style=\"color: #1f3b4d; font-size: medium;\">Nach M\u00f6glichkeit findet ein Beratungsgespr\u00e4ch statt. Bei Bedarf wird ein Termin zur Ma\u00dfabnahme vereinbart.<\/span><br data-start=\"1007\" data-end=\"1010\" \/><span style=\"color: #1f3b4d; font-size: medium;\">Bei aufwendigen Auftr\u00e4gen oder gr\u00f6\u00dferen Materialkosten wird eine angemessene Anzahlung vor Beginn der Fertigung vereinbart.<\/span><\/p>\n<p data-start=\"1144\" data-end=\"1169\"><span style=\"color: #1f3b4d; font-size: medium;\"><strong data-start=\"1144\" data-end=\"1169\">3. Preise und Zahlung<\/strong><\/span><\/p>\n<p data-start=\"1171\" data-end=\"1615\"><span style=\"color: #1f3b4d; font-size: medium;\">Alle angegebenen Preise sind <strong data-start=\"1200\" data-end=\"1215\">Nettopreise<\/strong>, die <strong data-start=\"1221\" data-end=\"1264\">zuz\u00fcglich der gesetzlichen Umsatzsteuer<\/strong> berechnet werden.<\/span><br data-start=\"1282\" data-end=\"1285\" \/><span style=\"color: #1f3b4d; font-size: medium;\">Zahlung ist m\u00f6glich in bar, per \u00dcberweisung oder anderen individuell vereinbarten Zahlungsmethoden.<\/span><br data-start=\"1388\" data-end=\"1391\" \/><span style=\"color: #1f3b4d; font-size: medium;\">Der gesamte Rechnungsbetrag ist, sofern nicht anders vereinbart, <strong data-start=\"1456\" data-end=\"1482\">innerhalb von 14 Tagen<\/strong> nach Rechnungsdatum f\u00e4llig.<\/span><br data-start=\"1510\" data-end=\"1513\" \/><span style=\"color: #1f3b4d; font-size: medium;\">Bei <strong data-start=\"1517\" data-end=\"1535\">Zahlungsverzug<\/strong> werden <strong data-start=\"1543\" data-end=\"1581\">Verzugszinsen in gesetzlicher H\u00f6he<\/strong> sowie <strong data-start=\"1588\" data-end=\"1604\">Mahngeb\u00fchren<\/strong> berechnet.<\/span><\/p>\n<p data-start=\"1622\" data-end=\"1651\"><span style=\"color: #1f3b4d; font-size: medium;\"><strong data-start=\"1622\" data-end=\"1651\">4. Lieferung und Abholung<\/strong><\/span><\/p>\n<p data-start=\"1653\" data-end=\"2049\"><span style=\"color: #1f3b4d; font-size: medium;\">Die \u00dcbergabe der Ware erfolgt nach Absprache durch <strong data-start=\"1704\" data-end=\"1752\">pers\u00f6nliche Abholung, Lieferung oder Versand<\/strong>.<\/span><br data-start=\"1753\" data-end=\"1756\" \/><span style=\"color: #1f3b4d; font-size: medium;\">Die Versand- oder Lieferkosten tr\u00e4gt der Kunde, sofern nichts anderes vereinbart wurde.<\/span><br data-start=\"1847\" data-end=\"1850\" \/><span style=\"color: #1f3b4d; font-size: medium;\">Das Risiko geht mit der \u00dcbergabe an den Versanddienstleister auf den Kunden \u00fcber.<\/span><br data-start=\"1935\" data-end=\"1938\" \/><span style=\"color: #1f3b4d; font-size: medium;\"><strong data-start=\"1938\" data-end=\"1986\">Liefertermine sind unverbindliche Richtwerte<\/strong> und k\u00f6nnen sich z.\u202fB. durch hohes Auftragsvolumen verschieben.<\/span><\/p>\n<p data-start=\"2056\" data-end=\"2092\"><span style=\"color: #1f3b4d; font-size: medium;\"><strong data-start=\"2056\" data-end=\"2092\">5. Stornierung und Annahmeverzug<\/strong><\/span><\/p>\n<p data-start=\"2094\" data-end=\"2536\"><span style=\"color: #1f3b4d; font-size: medium;\">Eine <strong data-start=\"2099\" data-end=\"2167\">kostenfreie Stornierung ist bis zum Beginn der Fertigung m\u00f6glich<\/strong>.<\/span><br data-start=\"2168\" data-end=\"2171\" \/><span style=\"color: #1f3b4d; font-size: medium;\">Danach wird der bis dahin entstandene Aufwand in Rechnung gestellt.<\/span><br data-start=\"2238\" data-end=\"2241\" \/><span style=\"color: #1f3b4d; font-size: medium;\">Wird ein fertiges Produkt <strong data-start=\"2267\" data-end=\"2292\">nicht binnen 14 Tagen<\/strong> ab Abhol- oder Versandbereitschaft \u00fcbernommen, behalte ich mir vor, eine <strong data-start=\"2366\" data-end=\"2392\">Lagergeb\u00fchr zu erheben<\/strong> oder <strong data-start=\"2398\" data-end=\"2428\">vom Vertrag zur\u00fcckzutreten<\/strong>.<\/span><br data-start=\"2429\" data-end=\"2432\" \/><span style=\"color: #1f3b4d; font-size: medium;\">In diesem Fall kann eine <strong data-start=\"2457\" data-end=\"2512\">pauschale Entsch\u00e4digung von 30\u202f% des Auftragswertes<\/strong> geltend gemacht werden.<\/span><\/p>\n<p data-start=\"2543\" data-end=\"2592\"><span style=\"color: #1f3b4d; font-size: medium;\"><strong data-start=\"2543\" data-end=\"2592\">6. Gew\u00e4hrleistung, Haftung und Fremdtextilien<\/strong><\/span><\/p>\n<p data-start=\"2594\" data-end=\"3264\"><span style=\"color: #1f3b4d; font-size: medium;\"><strong data-start=\"2594\" data-end=\"2680\">Individuell angefertigte oder bestickte Produkte sind vom Umtausch ausgeschlossen.<\/strong><\/span><br data-start=\"2680\" data-end=\"2683\" \/><span style=\"color: #1f3b4d; font-size: medium;\">Eine gesetzliche Gew\u00e4hrleistung besteht nur bei Vorsatz oder grober Fahrl\u00e4ssigkeit.<\/span><br data-start=\"2770\" data-end=\"2773\" \/><span style=\"color: #1f3b4d; font-size: medium;\">Bei der Bearbeitung von <strong data-start=\"2797\" data-end=\"2824\">kundeneigenen Textilien<\/strong> (z.\u202fB. zur Bestickung) erfolgt die Verarbeitung <strong data-start=\"2873\" data-end=\"2906\">auf eigenes Risiko des Kunden<\/strong>.<\/span><br data-start=\"2907\" data-end=\"2910\" \/><span style=\"color: #1f3b4d; font-size: medium;\"><strong data-start=\"2910\" data-end=\"2971\">Niklas Auinger Einzelunternehmen haftet nicht f\u00fcr Sch\u00e4den<\/strong>, die durch <strong data-start=\"2983\" data-end=\"3030\">Beschaffenheit, Vorbehandlung oder Eigenart<\/strong> des Materials entstehen.<\/span><br data-start=\"3055\" data-end=\"3058\" \/><span style=\"color: #1f3b4d; font-size: medium;\">Dies gilt insbesondere f\u00fcr <strong data-start=\"3085\" data-end=\"3149\">Stoffverzug, Einlauf, Farbver\u00e4nderungen oder Nahtaufl\u00f6sungen<\/strong>.<\/span><br data-start=\"3150\" data-end=\"3153\" \/><span style=\"color: #1f3b4d; font-size: medium;\">Eine <strong data-start=\"3158\" data-end=\"3176\">Kulanzregelung<\/strong> kann im Einzelfall <strong data-start=\"3196\" data-end=\"3210\">freiwillig<\/strong> angeboten werden \u2013 ohne rechtliche Verpflichtung.<\/span><\/p>\n<p data-start=\"3271\" data-end=\"3296\"><span style=\"color: #1f3b4d; font-size: medium;\"><strong data-start=\"3271\" data-end=\"3296\">7. Eigentumsvorbehalt<\/strong><\/span><\/p>\n<p data-start=\"3298\" data-end=\"3418\"><span style=\"color: #1f3b4d; font-size: medium;\">Alle gelieferten Produkte bleiben bis zur <strong data-start=\"3340\" data-end=\"3376\">vollst\u00e4ndigen Bezahlung Eigentum<\/strong> von <strong data-start=\"3381\" data-end=\"3417\">Niklas Auinger Einzelunternehmen<\/strong>.<\/span><\/p>\n<p data-start=\"3425\" data-end=\"3443\"><span style=\"color: #1f3b4d; font-size: medium;\"><strong data-start=\"3425\" data-end=\"3443\">8. Datenschutz<\/strong><\/span><\/p>\n<p data-start=\"3445\" data-end=\"3920\"><span style=\"color: #1f3b4d; font-size: medium;\"><strong data-start=\"3445\" data-end=\"3533\">Personenbezogene Kundendaten werden ausschlie\u00dflich zur Auftragsabwicklung verwendet.<\/strong><\/span><br data-start=\"3533\" data-end=\"3536\" \/><span style=\"color: #1f3b4d; font-size: medium;\">Diese Daten <strong data-start=\"3548\" data-end=\"3588\">werden nicht an Dritte weitergegeben<\/strong>, au\u00dfer es ist zur Vertragserf\u00fcllung notwendig (z.\u202fB. Versand oder Steuerberatung).<\/span><br data-start=\"3671\" data-end=\"3674\" \/><span style=\"color: #1f3b4d; font-size: medium;\"><strong data-start=\"3674\" data-end=\"3762\">Ausgedruckte Kundendaten werden nach Auftragserf\u00fcllung datenschutzkonform vernichtet<\/strong> (z.\u202fB. durch Schreddern).<\/span><br data-start=\"3788\" data-end=\"3791\" \/><span style=\"color: #1f3b4d; font-size: medium;\">Namen und relevante Daten werden <strong data-start=\"3824\" data-end=\"3887\">intern in einer Kundendatei und der Buchhaltung gespeichert<\/strong>, soweit gesetzlich erforderlich.<\/span><\/p>\n<p data-start=\"3927\" data-end=\"3947\"><span style=\"color: #1f3b4d; font-size: medium;\"><strong data-start=\"3927\" data-end=\"3947\">9. Gerichtsstand<\/strong><\/span><\/p>\n<p data-start=\"3949\" data-end=\"4066\"><span style=\"color: #1f3b4d; font-size: medium;\">F\u00fcr Streitigkeiten aus diesem Auftragsverh\u00e4ltnis ist das <strong data-start=\"4006\" data-end=\"4055\">sachlich in Betracht kommende Gericht in Wien<\/strong> zust\u00e4ndig.<\/span><\/p>\n<p>[\/et_pb_text][\/et_pb_column][\/et_pb_row][\/et_pb_section]<\/p>\n","protected":false},"excerpt":{"rendered":"<p>Allgemeine Gesch\u00e4ftsbedingungen (AGB) g\u00fcltig ab 1.Juni.2025 \u2013 Niklas Auinger Einzelunternehmen 1. Geltungsbereich Diese AGB gelten f\u00fcr alle Leistungen und Lieferungen von Niklas Auinger Einzelunternehmen, insbesondere f\u00fcr Ma\u00dfanfertigungen, individuelle textile Arbeiten sowie Stickereien \u2013 auch auf kundeneigenen Textilien. Sie gelten sowohl f\u00fcr Privatpersonen als auch f\u00fcr Unternehmen, sofern keine abweichenden schriftlichen Vereinbarungen getroffen wurden. 2. Vertragsschluss [&hellip;]<\/p>\n","protected":false},"author":1,"featured_media":0,"parent":0,"menu_order":0,"comment_status":"closed","ping_status":"closed","template":"","meta":{"_et_pb_use_builder":"on","_et_pb_old_content":"","_et_gb_content_width":"","footnotes":""},"class_list":["post-90","page","type-page","status-publish","hentry"],"jetpack_sharing_enabled":true,"_links":{"self":[{"href":"https:\/\/vanito.at\/index.php\/wp-json\/wp\/v2\/pages\/90","targetHints":{"allow":["GET"]}}],"collection":[{"href":"https:\/\/vanito.at\/index.php\/wp-json\/wp\/v2\/pages"}],"about":[{"href":"https:\/\/vanito.at\/index.php\/wp-json\/wp\/v2\/types\/page"}],"author":[{"embeddable":true,"href":"https:\/\/vanito.at\/index.php\/wp-json\/wp\/v2\/users\/1"}],"replies":[{"embeddable":true,"href":"https:\/\/vanito.at\/index.php\/wp-json\/wp\/v2\/comments?post=90"}],"version-history":[{"count":5,"href":"https:\/\/vanito.at\/index.php\/wp-json\/wp\/v2\/pages\/90\/revisions"}],"predecessor-version":[{"id":509,"href":"https:\/\/vanito.at\/index.php\/wp-json\/wp\/v2\/pages\/90\/revisions\/509"}],"wp:attachment":[{"href":"https:\/\/vanito.at\/index.php\/wp-json\/wp\/v2\/media?parent=90"}],"curies":[{"name":"wp","href":"https:\/\/api.w.org\/{rel}","templated":true}]}}