{"id":9,"date":"2024-01-10T11:01:31","date_gmt":"2024-01-10T11:01:31","guid":{"rendered":"https:\/\/vanito.at\/?page_id=9"},"modified":"2025-12-12T16:15:25","modified_gmt":"2025-12-12T16:15:25","slug":"preise","status":"publish","type":"page","link":"https:\/\/vanito.at\/index.php\/preise\/","title":{"rendered":"PREISE"},"content":{"rendered":"<p>[et_pb_section fb_built=&#8220;1&#8243; _builder_version=&#8220;4.27.4&#8243; _module_preset=&#8220;default&#8220; background_color=&#8220;#FFFFFF&#8220; custom_padding=&#8220;||88px|||&#8220; top_divider_color=&#8220;#E0E0E0&#8243; top_divider_flip=&#8220;horizontal&#8220; bottom_divider_color=&#8220;#666666&#8243; global_colors_info=&#8220;{}&#8220;][et_pb_row _builder_version=&#8220;4.27.4&#8243; _module_preset=&#8220;default&#8220; global_colors_info=&#8220;{}&#8220;][et_pb_column type=&#8220;4_4&#8243; _builder_version=&#8220;4.27.4&#8243; _module_preset=&#8220;default&#8220; global_colors_info=&#8220;{}&#8220;][et_pb_text _builder_version=&#8220;4.27.4&#8243; _module_preset=&#8220;default&#8220; global_colors_info=&#8220;{}&#8220;]<\/p>\n<p><span style=\"font-size: x-large;\">PREISE:<\/span><\/p>\n<p>Alle Preise verstehen sich als Nettopreise -&gt; zzgl. 20 USt.<\/p>\n<p><span style=\"font-size: large;\">G\u00e4ngige \u00c4nderungen<\/span><\/p>\n<p>&#8211; Hosenbeine k\u00fcrzen mit einfachem Saum 20\u20ac<br \/>&#8211; Hosenbeine k\u00fcrzen mit Blindstich \/ Originalsaum 35\u20ac<br \/>&#8211; Rock k\u00fcrzen normale Weite 25\u20ac<br \/>&#8211; Rei\u00dfverschluss austauschen (Rock \/ Langes Kleid 45\u20ac<br \/>&#8211; Kleid enger \/ weiter 45\u20ac<br \/>&#8211; Jacken\u00e4rmel k\u00fcrzen ohne Schlitz 45\u20ac<br \/>&#8211; Jacken\u00e4rmel k\u00fcrzen mit Schlitz und Kn\u00f6pfen 65\u20ac<br \/>&#8211; Vorh\u00e4nge k\u00fcrzen 20\u20ac<\/p>\n<p><span style=\"font-size: large;\">Ma\u00dfanfertigungen:<\/span><br \/>&#8211; Ma\u00dfbluse (ohne Abn\u00e4her, kurzarm) ab 240\u20ac<br \/>&#8211; Ma\u00dfbluse klassisch mit Abn\u00e4hern &amp; Knopfleiste ab 280\u20ac<br \/>&#8211; Ma\u00dfrock (gerade Form, Futter) ab 240\u20ac<br \/>&#8211; Ma\u00dfhose klassisch, ungef\u00fcttert ab 320\u20ac<br \/>&#8211; Ma\u00dfhose mit Bund, Taschen\u00a0 B\u00fcgelfalte ab 360\u20ac<br \/>&#8211; Ma\u00dfkleid einfach (\u00e4rmellos, gerade Form) ab 360\u20ac<br \/>&#8211; Ma\u00dfkleid aufwendiger (z.B. mit \u00c4rmel, Futter, Abn\u00e4hern) ab 450\u20ac<\/p>\n<p><span style=\"font-size: large;\">Bestickungen:<\/span><br \/>F\u00fcr einen Stickauftrag\/Projekt pauschal 15\u20ac<br \/>&#8211; ein kleines Motiv 10\u20ac<br \/>&#8211; ein mittelgro\u00dfes Motiv 20\u20ac<br \/>&#8211; ein gro\u00dfes Motiv ab 50\u20ac<br \/>&#8211; eine zus\u00e4tzliche Garnfarbe 2\u20ac<br \/>&#8211; f\u00fcr ein aufwendiges Stickprogramm, je nach Aufwand\u00a0<\/p>\n<p><span style=\"font-size: large;\">Aufschl\u00e4ge:<\/span><br \/>&#8211; Handarbeit \/ Couture-Finish: nach Aufwand<br \/>-Expresszuschlag (24h-48h): +30%<\/p>\n<p>[\/et_pb_text][\/et_pb_column][\/et_pb_row][\/et_pb_section]<\/p>\n","protected":false},"excerpt":{"rendered":"<p>PREISE: Alle Preise verstehen sich als Nettopreise -&gt; zzgl. 20 USt. G\u00e4ngige \u00c4nderungen &#8211; Hosenbeine k\u00fcrzen mit einfachem Saum 20\u20ac- Hosenbeine k\u00fcrzen mit Blindstich \/ Originalsaum 35\u20ac- Rock k\u00fcrzen normale Weite 25\u20ac- Rei\u00dfverschluss austauschen (Rock \/ Langes Kleid 45\u20ac- Kleid enger \/ weiter 45\u20ac- Jacken\u00e4rmel k\u00fcrzen ohne Schlitz 45\u20ac- Jacken\u00e4rmel k\u00fcrzen mit Schlitz und Kn\u00f6pfen [&hellip;]<\/p>\n","protected":false},"author":1,"featured_media":0,"parent":0,"menu_order":0,"comment_status":"closed","ping_status":"closed","template":"","meta":{"_et_pb_use_builder":"on","_et_pb_old_content":"","_et_gb_content_width":"","footnotes":""},"class_list":["post-9","page","type-page","status-publish","hentry"],"jetpack_sharing_enabled":true,"_links":{"self":[{"href":"https:\/\/vanito.at\/index.php\/wp-json\/wp\/v2\/pages\/9","targetHints":{"allow":["GET"]}}],"collection":[{"href":"https:\/\/vanito.at\/index.php\/wp-json\/wp\/v2\/pages"}],"about":[{"href":"https:\/\/vanito.at\/index.php\/wp-json\/wp\/v2\/types\/page"}],"author":[{"embeddable":true,"href":"https:\/\/vanito.at\/index.php\/wp-json\/wp\/v2\/users\/1"}],"replies":[{"embeddable":true,"href":"https:\/\/vanito.at\/index.php\/wp-json\/wp\/v2\/comments?post=9"}],"version-history":[{"count":21,"href":"https:\/\/vanito.at\/index.php\/wp-json\/wp\/v2\/pages\/9\/revisions"}],"predecessor-version":[{"id":586,"href":"https:\/\/vanito.at\/index.php\/wp-json\/wp\/v2\/pages\/9\/revisions\/586"}],"wp:attachment":[{"href":"https:\/\/vanito.at\/index.php\/wp-json\/wp\/v2\/media?parent=9"}],"curies":[{"name":"wp","href":"https:\/\/api.w.org\/{rel}","templated":true}]}}