{"id":13,"date":"2024-01-10T11:01:31","date_gmt":"2024-01-10T11:01:31","guid":{"rendered":"https:\/\/vanito.at\/?page_id=13"},"modified":"2025-11-07T00:58:06","modified_gmt":"2025-11-07T00:58:06","slug":"home","status":"publish","type":"page","link":"https:\/\/vanito.at\/","title":{"rendered":"Home"},"content":{"rendered":"<p>[et_pb_section fb_built=&#8220;1&#8243; _builder_version=&#8220;4.27.4&#8243; _module_preset=&#8220;default&#8220; background_color=&#8220;#FFFFFF&#8220; min_height=&#8220;424.2px&#8220; custom_margin=&#8220;||||false|false&#8220; custom_padding=&#8220;||||false|false&#8220; top_divider_flip=&#8220;vertical&#8220; bottom_divider_color=&#8220;#1F3B4D&#8220; global_colors_info=&#8220;{}&#8220;][et_pb_row column_structure=&#8220;3_5,2_5&#8243; _builder_version=&#8220;4.27.4&#8243; _module_preset=&#8220;default&#8220; custom_margin=&#8220;-3px|auto|-3px|auto|true|false&#8220; border_color_all=&#8220;#F7F4EF&#8220; global_colors_info=&#8220;{}&#8220;][et_pb_column type=&#8220;3_5&#8243; _builder_version=&#8220;4.27.4&#8243; _module_preset=&#8220;default&#8220; global_colors_info=&#8220;{}&#8220;][et_pb_text _builder_version=&#8220;4.27.4&#8243; _module_preset=&#8220;default&#8220; inline_fonts=&#8220;Abhaya Libre,Cinzel,ABeeZee&#8220; global_colors_info=&#8220;{}&#8220;]<\/p>\n<p style=\"text-align: left;\"><span style=\"color: #1f3b4d; font-size: xx-large; font-family: inherit; font-weight: normal;\">Individuelle Textilanfertigungen \u2013<\/span><\/p>\n<p style=\"text-align: left;\"><span style=\"color: #1f3b4d; font-size: xx-large; text-align: center; font-family: inherit; font-weight: normal;\">pers\u00f6nlich, professionell, f\u00fcr dich.<\/span><\/p>\n<p style=\"text-align: left;\"><span style=\"color: #1f3b4d; font-size: xx-large; text-align: center; font-family: inherit; font-weight: normal;\"><\/span><\/p>\n<p><span style=\"font-size: large; color: #1f3b4d; font-family: inherit; font-weight: normal;\">Ich bin Niklas \u2013 gelernter Damenschneidermeister mit einem Hang zu pragmatisch-kreativen L\u00f6sungen.<\/span><br data-start=\"1172\" data-end=\"1175\" \/><span style=\"font-size: large; color: #1f3b4d; font-family: inherit; font-weight: normal;\">Bei mir bekommst du keine Massenware, sondern pers\u00f6nliche Anfertigungen \u2013 von der Idee bis zum fertigen St\u00fcck.<\/span><\/p>\n<p>[\/et_pb_text][\/et_pb_column][et_pb_column type=&#8220;2_5&#8243; _builder_version=&#8220;4.27.4&#8243; _module_preset=&#8220;default&#8220; global_colors_info=&#8220;{}&#8220;][et_pb_image src=&#8220;https:\/\/vanito.at\/wp-content\/uploads\/2024\/01\/Niklas-Auinger-ueber-mich.jpg&#8220; title_text=&#8220;Niklas Auinger&#8220; align=&#8220;center&#8220; _builder_version=&#8220;4.27.4&#8243; _module_preset=&#8220;default&#8220; width=&#8220;60%&#8220; module_alignment=&#8220;right&#8220; custom_margin=&#8220;|||19px||&#8220; global_colors_info=&#8220;{}&#8220;][\/et_pb_image][\/et_pb_column][\/et_pb_row][et_pb_row _builder_version=&#8220;4.27.4&#8243; _module_preset=&#8220;default&#8220; width=&#8220;100%&#8220; min_height=&#8220;73.8px&#8220; custom_margin=&#8220;50px|auto|50px|auto|true|false&#8220; custom_padding=&#8220;||||false|false&#8220; border_color_all=&#8220;#7FC6A4&#8243; border_style_all=&#8220;double&#8220; global_colors_info=&#8220;{}&#8220;][et_pb_column type=&#8220;4_4&#8243; _builder_version=&#8220;4.27.4&#8243; _module_preset=&#8220;default&#8220; global_colors_info=&#8220;{}&#8220;][et_pb_text _builder_version=&#8220;4.27.4&#8243; _module_preset=&#8220;default&#8220; inline_fonts=&#8220;ABeeZee&#8220; global_colors_info=&#8220;{}&#8220;]<\/p>\n<p style=\"text-align: center;\"><span style=\"color: #1f3b4d;\"><strong><span style=\"font-size: x-large;\">Meine Leistungen im groben \u00dcberblick:<\/span><\/strong><\/span><\/p>\n<p>[\/et_pb_text][\/et_pb_column][\/et_pb_row][et_pb_row column_structure=&#8220;2_5,3_5&#8243; _builder_version=&#8220;4.27.4&#8243; _module_preset=&#8220;default&#8220; background_color=&#8220;#F7F7F7&#8243; min_height=&#8220;520px&#8220; custom_margin=&#8220;25px||25px||true|false&#8220; custom_padding=&#8220;|25px|1px|25px|false|true&#8220; border_radii=&#8220;on|10px|10px|10px|10px&#8220; global_colors_info=&#8220;{}&#8220;][et_pb_column type=&#8220;2_5&#8243; _builder_version=&#8220;4.27.4&#8243; _module_preset=&#8220;default&#8220; global_colors_info=&#8220;{}&#8220;][et_pb_slider _builder_version=&#8220;4.27.4&#8243; _module_preset=&#8220;default&#8220; module_alignment=&#8220;center&#8220; height=&#8220;500px&#8220; global_colors_info=&#8220;{}&#8220;][et_pb_slide _builder_version=&#8220;4.27.4&#8243; _module_preset=&#8220;default&#8220; background_color=&#8220;RGBA(255,255,255,0)&#8220; background_enable_color=&#8220;on&#8220; background_image=&#8220;https:\/\/vanito.at\/wp-content\/uploads\/2024\/01\/IMG-20231108-WA0025.jpg&#8220; background_enable_image=&#8220;on&#8220; global_colors_info=&#8220;{}&#8220; sticky_transition=&#8220;on&#8220;][\/et_pb_slide][et_pb_slide _builder_version=&#8220;4.27.4&#8243; _module_preset=&#8220;default&#8220; background_color=&#8220;RGBA(255,255,255,0)&#8220; background_enable_color=&#8220;on&#8220; background_image=&#8220;https:\/\/vanito.at\/wp-content\/uploads\/2024\/01\/IMG-20231108-WA0026.jpg&#8220; background_enable_image=&#8220;on&#8220; global_colors_info=&#8220;{}&#8220; sticky_transition=&#8220;on&#8220;][\/et_pb_slide][\/et_pb_slider][\/et_pb_column][et_pb_column type=&#8220;3_5&#8243; _builder_version=&#8220;4.27.4&#8243; _module_preset=&#8220;default&#8220; global_colors_info=&#8220;{}&#8220;][et_pb_text _builder_version=&#8220;4.27.4&#8243; _module_preset=&#8220;default&#8220; inline_fonts=&#8220;ABeeZee&#8220; global_colors_info=&#8220;{}&#8220;]<\/p>\n<p><span style=\"font-size: x-large; color: #1f3b4d;\">Ma\u00dfanfertigungen, Kost\u00fcme &amp; pers\u00f6nliche Einzelst\u00fccke:<\/span><\/p>\n<p data-start=\"251\" data-end=\"593\"><span style=\"font-size: large; color: #1f3b4d;\">Du suchst etwas, das es so nicht von der Stange gibt? Genau daf\u00fcr bin ich da. Ich fertige individuelle Kleidungsst\u00fccke, B\u00fchnenkost\u00fcme oder besondere Einzelst\u00fccke nach Ma\u00df \u2013 abgestimmt auf deine W\u00fcnsche, deinen Stil und deinen Anlass. Ob Alltag, Event oder Theater \u2013 gemeinsam entwickeln wir dein pers\u00f6nliches St\u00fcck, das wirklich zu dir passt.<\/span><\/p>\n<p data-start=\"595\" data-end=\"969\"><span style=\"font-size: large; color: #1f3b4d;\">Von der Beratung \u00fcber die Materialauswahl bis hin zur letzten Anprobe begleite ich dich durch den gesamten Entstehungsprozess. Dabei flie\u00dft nicht nur mein fachliches K\u00f6nnen, sondern auch mein Gesp\u00fcr f\u00fcr Form, Farbe und Funktion mit ein. Jedes Teil wird von mir mit Sorgfalt, handwerklicher Pr\u00e4zision und einem Blick f\u00fcrs Detail gefertigt \u2013 nichts wird dem Zufall \u00fcberlassen.<\/span><\/p>\n<p data-start=\"971\" data-end=\"1194\"><span style=\"font-size: large; color: #1f3b4d;\">Ma\u00dfanfertigung hei\u00dft f\u00fcr mich: Es geht um dich. Um deine Idee, deine Passform, deinen Ausdruck. Egal, ob du schon eine klare Vorstellung hast oder einfach nur ein Gef\u00fchl \u2013 ich helfe dir, daraus ein fertiges St\u00fcck zu machen.<\/span><\/p>\n<p><span style=\"font-size: large; color: #1f3b4d;\"><\/span><\/p>\n<p><span style=\"font-size: large; color: #1f3b4d;\"><\/span><\/p>\n<p><span style=\"font-size: large; color: #1f3b4d;\"><\/span><\/p>\n<p>[\/et_pb_text][\/et_pb_column][\/et_pb_row][et_pb_row column_structure=&#8220;3_5,2_5&#8243; _builder_version=&#8220;4.27.4&#8243; _module_preset=&#8220;default&#8220; background_color=&#8220;#F7F7F7&#8243; custom_margin=&#8220;25px||25px||true|false&#8220; custom_padding=&#8220;|25px||25px|false|true&#8220; border_radii=&#8220;on|10px|10px|10px|10px&#8220; global_colors_info=&#8220;{}&#8220;][et_pb_column type=&#8220;3_5&#8243; _builder_version=&#8220;4.27.4&#8243; _module_preset=&#8220;default&#8220; global_colors_info=&#8220;{}&#8220;][et_pb_text _builder_version=&#8220;4.27.4&#8243; _module_preset=&#8220;default&#8220; inline_fonts=&#8220;ABeeZee&#8220; global_colors_info=&#8220;{}&#8220;]<\/p>\n<p><span style=\"font-size: x-large; color: #1f3b4d; font-family: ABeeZee;\">Stickereien in \u00fcberschaubaren Mengen:<\/span><\/p>\n<p><span style=\"font-size: large; color: #1f3b4d; font-family: ABeeZee;\">Ob ein einzelnes T-Shirt mit Namen, ein kleines Geschenk mit pers\u00f6nlichem Detail oder mehrere bestickte Teile f\u00fcr dein Team \u2013 ich biete individuelle Stickereien in kleiner Auflage, sauber und pers\u00f6nlich umgesetzt.<\/span><\/p>\n<p>&nbsp;<\/p>\n<p><span style=\"font-size: large; color: #1f3b4d; font-family: ABeeZee;\">Ideal f\u00fcr Einzelst\u00fccke, kleine Gruppen oder Betriebe \u2013 und mit direktem, unkompliziertem Kontakt. Schreib mir einfach mit deiner Idee!<\/span><\/p>\n<p><span style=\"font-family: ABeeZee;\">\u00a0<\/span><\/p>\n<p><span style=\"font-size: large; color: #1f3b4d;\"><\/span><\/p>\n<p><span style=\"font-size: large; color: #1f3b4d;\"><\/span><\/p>\n<p><span style=\"font-size: large; color: #1f3b4d;\"><\/span><\/p>\n<p>[\/et_pb_text][\/et_pb_column][et_pb_column type=&#8220;2_5&#8243; _builder_version=&#8220;4.27.4&#8243; _module_preset=&#8220;default&#8220; global_colors_info=&#8220;{}&#8220;][et_pb_slider _builder_version=&#8220;4.27.4&#8243; _module_preset=&#8220;default&#8220; module_alignment=&#8220;center&#8220; min_height=&#8220;320px&#8220; custom_padding=&#8220;||||false|false&#8220; global_colors_info=&#8220;{}&#8220;][et_pb_slide _builder_version=&#8220;4.27.4&#8243; _module_preset=&#8220;default&#8220; background_color=&#8220;RGBA(255,255,255,0)&#8220; background_enable_color=&#8220;on&#8220; background_image=&#8220;https:\/\/vanito.at\/wp-content\/uploads\/2024\/01\/Tasche-Stick-ganze-Ansicht-scaled.jpg&#8220; background_enable_image=&#8220;on&#8220; global_colors_info=&#8220;{}&#8220; sticky_transition=&#8220;on&#8220;][\/et_pb_slide][et_pb_slide _builder_version=&#8220;4.27.4&#8243; _module_preset=&#8220;default&#8220; background_color=&#8220;RGBA(255,255,255,0)&#8220; background_enable_color=&#8220;on&#8220; background_image=&#8220;https:\/\/vanito.at\/wp-content\/uploads\/2024\/01\/IMG_4713-scaled.jpg&#8220; background_enable_image=&#8220;on&#8220; global_colors_info=&#8220;{}&#8220; sticky_transition=&#8220;on&#8220;][\/et_pb_slide][\/et_pb_slider][\/et_pb_column][\/et_pb_row][et_pb_row column_structure=&#8220;2_5,3_5&#8243; _builder_version=&#8220;4.27.4&#8243; _module_preset=&#8220;default&#8220; background_color=&#8220;#F7F7F7&#8243; custom_margin=&#8220;25px||25px||true|false&#8220; custom_padding=&#8220;|25px||25px|false|true&#8220; border_radii=&#8220;on|10px|10px|10px|10px&#8220; global_colors_info=&#8220;{}&#8220;][et_pb_column type=&#8220;2_5&#8243; _builder_version=&#8220;4.27.4&#8243; _module_preset=&#8220;default&#8220; global_colors_info=&#8220;{}&#8220;][et_pb_slider _builder_version=&#8220;4.27.4&#8243; _module_preset=&#8220;default&#8220; background_image=&#8220;https:\/\/vanito.at\/wp-content\/uploads\/2024\/01\/Tasche-vor-Stuhl-Vorderansicht.jpg&#8220; height=&#8220;500px&#8220; global_colors_info=&#8220;{}&#8220;][et_pb_slide _builder_version=&#8220;4.27.4&#8243; _module_preset=&#8220;default&#8220; global_colors_info=&#8220;{}&#8220; sticky_transition=&#8220;on&#8220;][\/et_pb_slide][\/et_pb_slider][\/et_pb_column][et_pb_column type=&#8220;3_5&#8243; _builder_version=&#8220;4.27.4&#8243; _module_preset=&#8220;default&#8220; global_colors_info=&#8220;{}&#8220;][et_pb_text _builder_version=&#8220;4.27.4&#8243; _module_preset=&#8220;default&#8220; inline_fonts=&#8220;ABeeZee&#8220; global_colors_info=&#8220;{}&#8220;]<\/p>\n<p><span style=\"font-size: x-large; color: #1f3b4d;\">Unterschiedlichste Textilprojekte nach Ma\u00df:<\/span><\/p>\n<p data-start=\"246\" data-end=\"630\"><span style=\"font-size: large; color: #1f3b4d;\">Nicht jedes Projekt passt in eine klassische Kategorie \u2013 genau deshalb biete ich auch individuelle textile L\u00f6sungen an, die sich an deinen konkreten Bed\u00fcrfnissen orientieren. Ob etwas ersetzt, erg\u00e4nzt, angepasst oder ganz neu gefertigt werden soll: Wenn du eine Idee hast, bei der du handwerkliche Unterst\u00fctzung brauchst, k\u00f6nnen wir gemeinsam \u00fcberlegen, wie sich diese umsetzen l\u00e4sst.<\/span><\/p>\n<p data-start=\"632\" data-end=\"1083\"><span style=\"font-size: large; color: #1f3b4d;\">Ich \u00fcbernehme unterschiedlichste Auftr\u00e4ge, bei denen textile Materialien im Zentrum stehen \u2013 sei es das Neuanfertigen von speziellen Stoffelementen, das Anpassen oder Umarbeiten bestehender St\u00fccke oder die kreative Umsetzung individueller Projekte. Manche brauchen etwas, das es so nicht zu kaufen gibt, andere m\u00f6chten ein Lieblingsst\u00fcck anpassen oder reparieren lassen \u2013 ich bringe das handwerkliche Know-how mit, um genau solche Anliegen umzusetzen.<\/span><\/p>\n<p data-start=\"1085\" data-end=\"1304\"><span style=\"font-size: large; color: #1f3b4d;\">Dabei ist jedes Projekt so individuell wie du \u2013 und genau das macht diese Arbeit besonders spannend. Schreib mir einfach, wenn du dir nicht sicher bist, ob dein Vorhaben umsetzbar ist \u2013 wir finden gemeinsam eine L\u00f6sung.<\/span><\/p>\n<p><span style=\"font-size: large; color: #1f3b4d;\"><\/span><\/p>\n<p><span style=\"font-size: large; color: #1f3b4d;\"><\/span><\/p>\n<p><span style=\"font-size: large; color: #1f3b4d;\"><\/span><\/p>\n<p>[\/et_pb_text][\/et_pb_column][\/et_pb_row][et_pb_row _builder_version=&#8220;4.27.4&#8243; _module_preset=&#8220;default&#8220; min_height=&#8220;0px&#8220; custom_margin=&#8220;50px|auto|50px|auto|true|false&#8220; global_colors_info=&#8220;{}&#8220;][et_pb_column type=&#8220;4_4&#8243; _builder_version=&#8220;4.27.4&#8243; _module_preset=&#8220;default&#8220; global_colors_info=&#8220;{}&#8220;][et_pb_text _builder_version=&#8220;4.27.4&#8243; _module_preset=&#8220;default&#8220; custom_padding=&#8220;||0px|||&#8220; inline_fonts=&#8220;ABeeZee&#8220; global_colors_info=&#8220;{}&#8220;]<\/p>\n<p style=\"text-align: center;\"><span style=\"font-size: x-large; color: #1f3b4d; font-family: ABeeZee;\">Du hast eine Idee, ein Textil oder ein spezielles Anliegen?<\/span><\/p>\n<p style=\"text-align: center;\"><span style=\"font-size: x-large; color: #1f3b4d; font-family: ABeeZee;\">Dann melde dich einfach direkt bei mir:<\/span><\/p>\n<p>[\/et_pb_text][\/et_pb_column][\/et_pb_row][et_pb_row column_structure=&#8220;1_3,1_3,1_3&#8243; _builder_version=&#8220;4.27.4&#8243; _module_preset=&#8220;default&#8220; custom_margin=&#8220;50px||50px||true|false&#8220; global_colors_info=&#8220;{}&#8220;][et_pb_column type=&#8220;1_3&#8243; _builder_version=&#8220;4.27.4&#8243; _module_preset=&#8220;default&#8220; global_colors_info=&#8220;{}&#8220;][et_pb_button button_url=&#8220;https:\/\/wa.me\/4367761463114&#8243; button_text=&#8220;Whatsapp&#8220; button_alignment=&#8220;center&#8220; _builder_version=&#8220;4.27.4&#8243; _module_preset=&#8220;default&#8220; button_text_color=&#8220;#C6A961&#8243; button_font=&#8220;ABeeZee||||||||&#8220; global_colors_info=&#8220;{}&#8220;][\/et_pb_button][\/et_pb_column][et_pb_column type=&#8220;1_3&#8243; _builder_version=&#8220;4.27.4&#8243; _module_preset=&#8220;default&#8220; global_colors_info=&#8220;{}&#8220;][et_pb_button button_url=&#8220;tel:+4367761463114&#8243; button_text=&#8220;Jetzt Anrufen&#8220; button_alignment=&#8220;center&#8220; _builder_version=&#8220;4.27.4&#8243; _module_preset=&#8220;default&#8220; button_text_color=&#8220;#C6A961&#8243; global_colors_info=&#8220;{}&#8220;][\/et_pb_button][\/et_pb_column][et_pb_column type=&#8220;1_3&#8243; _builder_version=&#8220;4.27.4&#8243; _module_preset=&#8220;default&#8220; global_colors_info=&#8220;{}&#8220;][et_pb_button button_url=&#8220;mailto:niklas.auinger@vanito.at&#8220; button_text=&#8220;Schreib mir eine Email&#8220; button_alignment=&#8220;center&#8220; _builder_version=&#8220;4.27.4&#8243; _module_preset=&#8220;default&#8220; button_text_color=&#8220;#C6A961&#8243; button_font=&#8220;ABeeZee||||||||&#8220; global_colors_info=&#8220;{}&#8220;][\/et_pb_button][\/et_pb_column][\/et_pb_row][et_pb_row _builder_version=&#8220;4.27.4&#8243; _module_preset=&#8220;default&#8220; custom_margin=&#8220;50px||50px||true|false&#8220; custom_padding=&#8220;||||false|false&#8220; global_colors_info=&#8220;{}&#8220;][et_pb_column type=&#8220;4_4&#8243; _builder_version=&#8220;4.27.4&#8243; _module_preset=&#8220;default&#8220; global_colors_info=&#8220;{}&#8220;][et_pb_text _builder_version=&#8220;4.27.4&#8243; _module_preset=&#8220;default&#8220; min_height=&#8220;67px&#8220; inline_fonts=&#8220;ABeeZee&#8220; global_colors_info=&#8220;{}&#8220;]<\/p>\n<h2 style=\"text-align: center;\"><span style=\"color: #1f3b4d; font-family: ABeeZee;\">Ich beantworte alle Anfragen pers\u00f6nlich \u2013 ohne Formular und Umwege.<\/span><\/h2>\n<p>[\/et_pb_text][\/et_pb_column][\/et_pb_row][\/et_pb_section]<\/p>\n","protected":false},"excerpt":{"rendered":"<p>Individuelle Textilanfertigungen \u2013 pers\u00f6nlich, professionell, f\u00fcr dich. Ich bin Niklas \u2013 gelernter Damenschneidermeister mit einem Hang zu pragmatisch-kreativen L\u00f6sungen.Bei mir bekommst du keine Massenware, sondern pers\u00f6nliche Anfertigungen \u2013 von der Idee bis zum fertigen St\u00fcck.Meine Leistungen im groben \u00dcberblick:Ma\u00dfanfertigungen, Kost\u00fcme &amp; pers\u00f6nliche Einzelst\u00fccke: Du suchst etwas, das es so nicht von der Stange gibt? Genau [&hellip;]<\/p>\n","protected":false},"author":1,"featured_media":0,"parent":0,"menu_order":0,"comment_status":"closed","ping_status":"closed","template":"","meta":{"_et_pb_use_builder":"on","_et_pb_old_content":"","_et_gb_content_width":"","footnotes":""},"class_list":["post-13","page","type-page","status-publish","hentry"],"jetpack_sharing_enabled":true,"_links":{"self":[{"href":"https:\/\/vanito.at\/index.php\/wp-json\/wp\/v2\/pages\/13","targetHints":{"allow":["GET"]}}],"collection":[{"href":"https:\/\/vanito.at\/index.php\/wp-json\/wp\/v2\/pages"}],"about":[{"href":"https:\/\/vanito.at\/index.php\/wp-json\/wp\/v2\/types\/page"}],"author":[{"embeddable":true,"href":"https:\/\/vanito.at\/index.php\/wp-json\/wp\/v2\/users\/1"}],"replies":[{"embeddable":true,"href":"https:\/\/vanito.at\/index.php\/wp-json\/wp\/v2\/comments?post=13"}],"version-history":[{"count":51,"href":"https:\/\/vanito.at\/index.php\/wp-json\/wp\/v2\/pages\/13\/revisions"}],"predecessor-version":[{"id":558,"href":"https:\/\/vanito.at\/index.php\/wp-json\/wp\/v2\/pages\/13\/revisions\/558"}],"wp:attachment":[{"href":"https:\/\/vanito.at\/index.php\/wp-json\/wp\/v2\/media?parent=13"}],"curies":[{"name":"wp","href":"https:\/\/api.w.org\/{rel}","templated":true}]}}