{"id":10,"date":"2024-01-10T11:01:31","date_gmt":"2024-01-10T11:01:31","guid":{"rendered":"https:\/\/vanito.at\/?page_id=10"},"modified":"2025-11-07T00:57:37","modified_gmt":"2025-11-07T00:57:37","slug":"uber-mich-kontakt","status":"publish","type":"page","link":"https:\/\/vanito.at\/index.php\/uber-mich-kontakt\/","title":{"rendered":"\u00dcBER MICH &#038; KONTAKT"},"content":{"rendered":"<p>[et_pb_section fb_built=&#8220;1&#8243; _builder_version=&#8220;4.27.4&#8243; _module_preset=&#8220;default&#8220; background_color=&#8220;#FFFFFF&#8220; background_enable_image=&#8220;off&#8220; background_position=&#8220;top_left&#8220; min_height=&#8220;700px&#8220; top_divider_color=&#8220;#E0E0E0&#8243; top_divider_flip=&#8220;horizontal&#8220; bottom_divider_color=&#8220;#666666&#8243; global_colors_info=&#8220;{}&#8220;][et_pb_row column_structure=&#8220;3_5,2_5&#8243; _builder_version=&#8220;4.23.4&#8243; _module_preset=&#8220;default&#8220; min_height=&#8220;598px&#8220; custom_padding=&#8220;75px|||||&#8220; global_colors_info=&#8220;{}&#8220;][et_pb_column type=&#8220;3_5&#8243; _builder_version=&#8220;4.23.4&#8243; _module_preset=&#8220;default&#8220; global_colors_info=&#8220;{}&#8220;][et_pb_text _builder_version=&#8220;4.23.4&#8243; _module_preset=&#8220;default&#8220; global_colors_info=&#8220;{}&#8220;]<\/p>\n<h2 style=\"text-align: left;\"><span style=\"font-size: xx-large;\">\u00dcber mich:<\/span><\/h2>\n<p data-start=\"93\" data-end=\"368\"><span style=\"font-size: large;\"><\/span><\/p>\n<p data-start=\"93\" data-end=\"368\"><span style=\"font-size: large;\"><\/span><\/p>\n<p data-start=\"93\" data-end=\"368\"><span style=\"font-size: large;\">Willkommen bei Vanito Couture!<\/span><br data-start=\"127\" data-end=\"130\" \/><span style=\"font-size: large;\">Ich bin Niklas Auinger und freue mich, dass du hier bist. N\u00e4hen und der Umgang mit Stoffen begleiten mich schon seit meiner Kindheit. Es fasziniert mich, aus zweidimensionalen Stoffen individuelle und hochwertige Einzelst\u00fccke zu schaffen.<\/span><\/p>\n<p data-start=\"370\" data-end=\"744\"><span style=\"font-size: large;\">Meine Ausbildung habe ich \u00fcber f\u00fcnf Jahre an der Modeschule Hetzendorf absolviert, erg\u00e4nzt durch ein Jahr an der Modeschule Herbststra\u00dfe in der Damenschneidermeisterklasse. 2023 konnte ich den Titel des Damenschneidermeisters erlangen. Au\u00dferdem habe ich wertvolle Erfahrungen bei Atelier Renato &amp; Co. gesammelt, vor allem bei Theaterproduktionen und individuellen Auftr\u00e4gen.<\/span><\/p>\n<p data-start=\"746\" data-end=\"1020\"><span style=\"font-size: large;\">Mit Vanito Couture habe ich mein eigenes Unternehmen gegr\u00fcndet, um traditionelles Handwerk mit pragmatisch kreativen Ideen zu verbinden und mein Hobby ausleben zu k\u00f6nnen. Egal ob Ma\u00dfanfertigungen, Stickereien oder textile Projekte \u2013 hier bekommst du alles aus einer Hand.<\/span><\/p>\n<p data-start=\"1022\" data-end=\"1084\"><span style=\"font-size: large;\">Ich freue mich darauf, deine individuellen W\u00fcnsche umzusetzen.<\/span><\/p>\n<p>&nbsp;<\/p>\n<p>[\/et_pb_text][\/et_pb_column][et_pb_column type=&#8220;2_5&#8243; _builder_version=&#8220;4.27.4&#8243; _module_preset=&#8220;default&#8220; global_colors_info=&#8220;{}&#8220;][et_pb_image src=&#8220;https:\/\/vanito.at\/wp-content\/uploads\/2024\/01\/Niklas-Auinger-ueber-mich.jpg&#8220; title_text=&#8220;\u00a9 NIKLAS STADLER | www.niklasstadler.at&#8220; _builder_version=&#8220;4.23.4&#8243; _module_preset=&#8220;default&#8220; background_color=&#8220;RGBA(255,255,255,0)&#8220; global_colors_info=&#8220;{}&#8220;][\/et_pb_image][\/et_pb_column][\/et_pb_row][et_pb_row _builder_version=&#8220;4.27.4&#8243; _module_preset=&#8220;default&#8220; global_colors_info=&#8220;{}&#8220;][et_pb_column type=&#8220;4_4&#8243; _builder_version=&#8220;4.27.4&#8243; _module_preset=&#8220;default&#8220; global_colors_info=&#8220;{}&#8220;][et_pb_text _builder_version=&#8220;4.23.4&#8243; _module_preset=&#8220;default&#8220; custom_margin=&#8220;41px|||||&#8220; locked=&#8220;off&#8220; global_colors_info=&#8220;{}&#8220;]<\/p>\n<h2 style=\"text-align: left;\"><span style=\"font-size: xx-large;\">Kontakt:<\/span><\/h2>\n<p style=\"text-align: left;\"><span style=\"font-size: large;\">\u00a0<\/span><\/p>\n<p style=\"text-align: left;\"><span style=\"font-size: large;\">Du hast eine Frage, m\u00f6chtest etwas in Auftrag geben oder brauchst einfach eine ehrliche Einsch\u00e4tzung?<\/span><br data-start=\"325\" data-end=\"328\" \/><span style=\"font-size: large;\">Dann melde dich gerne \u2013 ich bin auf mehreren Wegen f\u00fcr dich da:<\/span><\/p>\n<p style=\"text-align: left;\"><span style=\"font-size: large;\"><strong>Per E-Mail:<\/strong> <em>\u00a0<\/em><strong><span style=\"text-decoration: underline;\">niklas.auinger@vanito.at<\/span><\/strong><\/span><\/p>\n<p style=\"text-align: left;\"><span style=\"font-size: large;\"><strong>Telefonisch\/Whatsapp:<\/strong> <strong><span style=\"text-decoration: underline;\">(+43)677 614 63 114<\/span><\/strong><em>\u00a0<\/em><\/span><\/p>\n<p style=\"text-align: left;\"><span style=\"font-size: large;\"><strong>Postanschrift:<\/strong> <span style=\"text-decoration: underline;\"><strong>Baumgasse 33-37\/27\/5, 1030 Wien<\/strong><\/span><\/span><\/p>\n<p style=\"text-align: left;\"><span style=\"font-size: large;\">Ich freue mich auf deine Nachricht und nehme mir gerne Zeit f\u00fcr dich.<\/span><\/p>\n<p style=\"text-align: left;\"><span style=\"font-size: large;\">Danke f\u00fcr dein Vertrauen!<\/span><br data-start=\"697\" data-end=\"700\" \/><span style=\"font-size: large;\"><em data-start=\"700\" data-end=\"732\">\u2014 Niklas Auinger, Ma\u00dfschneider<\/em><\/span><\/p>\n<p>[\/et_pb_text][\/et_pb_column][\/et_pb_row][\/et_pb_section]<\/p>\n","protected":false},"excerpt":{"rendered":"<p>\u00dcber mich: Willkommen bei Vanito Couture!Ich bin Niklas Auinger und freue mich, dass du hier bist. N\u00e4hen und der Umgang mit Stoffen begleiten mich schon seit meiner Kindheit. Es fasziniert mich, aus zweidimensionalen Stoffen individuelle und hochwertige Einzelst\u00fccke zu schaffen. Meine Ausbildung habe ich \u00fcber f\u00fcnf Jahre an der Modeschule Hetzendorf absolviert, erg\u00e4nzt durch ein [&hellip;]<\/p>\n","protected":false},"author":1,"featured_media":0,"parent":0,"menu_order":0,"comment_status":"closed","ping_status":"closed","template":"","meta":{"_et_pb_use_builder":"on","_et_pb_old_content":"","_et_gb_content_width":"","footnotes":""},"class_list":["post-10","page","type-page","status-publish","hentry"],"jetpack_sharing_enabled":true,"_links":{"self":[{"href":"https:\/\/vanito.at\/index.php\/wp-json\/wp\/v2\/pages\/10","targetHints":{"allow":["GET"]}}],"collection":[{"href":"https:\/\/vanito.at\/index.php\/wp-json\/wp\/v2\/pages"}],"about":[{"href":"https:\/\/vanito.at\/index.php\/wp-json\/wp\/v2\/types\/page"}],"author":[{"embeddable":true,"href":"https:\/\/vanito.at\/index.php\/wp-json\/wp\/v2\/users\/1"}],"replies":[{"embeddable":true,"href":"https:\/\/vanito.at\/index.php\/wp-json\/wp\/v2\/comments?post=10"}],"version-history":[{"count":15,"href":"https:\/\/vanito.at\/index.php\/wp-json\/wp\/v2\/pages\/10\/revisions"}],"predecessor-version":[{"id":581,"href":"https:\/\/vanito.at\/index.php\/wp-json\/wp\/v2\/pages\/10\/revisions\/581"}],"wp:attachment":[{"href":"https:\/\/vanito.at\/index.php\/wp-json\/wp\/v2\/media?parent=10"}],"curies":[{"name":"wp","href":"https:\/\/api.w.org\/{rel}","templated":true}]}}